{"id":1214,"date":"2022-10-17T21:21:50","date_gmt":"2022-10-17T19:21:50","guid":{"rendered":"https:\/\/www.giblousia.ch\/?page_id=1214"},"modified":"2025-03-03T20:42:44","modified_gmt":"2025-03-03T19:42:44","slug":"goodies-scg","status":"publish","type":"page","link":"https:\/\/www.giblousia.ch\/index.php\/goodies-scg\/","title":{"rendered":"Goodies SCG"},"content":{"rendered":"\n<p>Plusieurs goodies ont \u00e9t\u00e9 imagin\u00e9s et sont disponibles en remplissant le formulaire ci-dessous.<\/p>\n\n\n\n<div class=\"wp-block-columns are-vertically-aligned-center is-layout-flex wp-container-core-columns-is-layout-9d6595d7 wp-block-columns-is-layout-flex\">\n<div class=\"wp-block-column is-vertically-aligned-center is-layout-flow wp-block-column-is-layout-flow\">\n<p class=\"has-text-align-right has-medium-font-size\"> Thermos SIGG 0.75L<\/p>\n\n\n\n<p class=\"has-text-align-right\">CHF 35.-<\/p>\n<\/div>\n\n\n\n<div class=\"wp-block-column is-vertically-aligned-center is-layout-flow wp-block-column-is-layout-flow\">\n<figure class=\"wp-block-image size-full\"><img loading=\"lazy\" decoding=\"async\" width=\"802\" height=\"801\" src=\"https:\/\/www.giblousia.ch\/wp-content\/uploads\/2021\/07\/thermossigg.jpg\" alt=\"\" class=\"wp-image-173\" srcset=\"https:\/\/www.giblousia.ch\/wp-content\/uploads\/2021\/07\/thermossigg.jpg 802w, https:\/\/www.giblousia.ch\/wp-content\/uploads\/2021\/07\/thermossigg-300x300.jpg 300w, https:\/\/www.giblousia.ch\/wp-content\/uploads\/2021\/07\/thermossigg-150x150.jpg 150w, https:\/\/www.giblousia.ch\/wp-content\/uploads\/2021\/07\/thermossigg-768x767.jpg 768w\" sizes=\"auto, (max-width: 802px) 100vw, 802px\" \/><\/figure>\n<\/div>\n\n\n\n<div class=\"wp-block-column is-vertically-aligned-center is-layout-flow wp-block-column-is-layout-flow\">\n<figure class=\"wp-block-image size-full\"><img loading=\"lazy\" decoding=\"async\" width=\"491\" height=\"499\" src=\"https:\/\/www.giblousia.ch\/wp-content\/uploads\/2021\/07\/bouteilleisotherme-e1636178052321.jpg\" alt=\"\" class=\"wp-image-174\" srcset=\"https:\/\/www.giblousia.ch\/wp-content\/uploads\/2021\/07\/bouteilleisotherme-e1636178052321.jpg 491w, https:\/\/www.giblousia.ch\/wp-content\/uploads\/2021\/07\/bouteilleisotherme-e1636178052321-295x300.jpg 295w\" sizes=\"auto, (max-width: 491px) 100vw, 491px\" \/><\/figure>\n<\/div>\n\n\n\n<div class=\"wp-block-column is-vertically-aligned-center is-layout-flow wp-block-column-is-layout-flow\">\n<p class=\"has-text-align-left has-medium-font-size\">Bouteille Isotherm 0.5L<\/p>\n\n\n\n<p>CHF 30.-<\/p>\n<\/div>\n<\/div>\n\n\n\n<div class=\"wp-block-columns are-vertically-aligned-center is-layout-flex wp-container-core-columns-is-layout-9d6595d7 wp-block-columns-is-layout-flex\">\n<div class=\"wp-block-column is-vertically-aligned-center is-layout-flow wp-block-column-is-layout-flow\">\n<p class=\"has-text-align-right has-medium-font-size\"> Casquette arrondie<\/p>\n\n\n\n<p class=\"has-text-align-right\">CHF 20.-<\/p>\n<\/div>\n\n\n\n<div class=\"wp-block-column is-vertically-aligned-center is-layout-flow wp-block-column-is-layout-flow\">\n<figure class=\"wp-block-image size-full\"><img loading=\"lazy\" decoding=\"async\" width=\"795\" height=\"792\" src=\"https:\/\/www.giblousia.ch\/wp-content\/uploads\/2021\/07\/casquettearrondie.jpg\" alt=\"\" class=\"wp-image-176\" srcset=\"https:\/\/www.giblousia.ch\/wp-content\/uploads\/2021\/07\/casquettearrondie.jpg 795w, https:\/\/www.giblousia.ch\/wp-content\/uploads\/2021\/07\/casquettearrondie-300x300.jpg 300w, https:\/\/www.giblousia.ch\/wp-content\/uploads\/2021\/07\/casquettearrondie-150x150.jpg 150w, https:\/\/www.giblousia.ch\/wp-content\/uploads\/2021\/07\/casquettearrondie-768x765.jpg 768w\" sizes=\"auto, (max-width: 795px) 100vw, 795px\" \/><\/figure>\n<\/div>\n\n\n\n<div class=\"wp-block-column is-vertically-aligned-center is-layout-flow wp-block-column-is-layout-flow\">\n<figure class=\"wp-block-image size-full\"><img loading=\"lazy\" decoding=\"async\" width=\"802\" height=\"797\" src=\"https:\/\/www.giblousia.ch\/wp-content\/uploads\/2021\/07\/casquetteplate.jpg\" alt=\"\" class=\"wp-image-178\" srcset=\"https:\/\/www.giblousia.ch\/wp-content\/uploads\/2021\/07\/casquetteplate.jpg 802w, https:\/\/www.giblousia.ch\/wp-content\/uploads\/2021\/07\/casquetteplate-300x298.jpg 300w, https:\/\/www.giblousia.ch\/wp-content\/uploads\/2021\/07\/casquetteplate-150x150.jpg 150w, https:\/\/www.giblousia.ch\/wp-content\/uploads\/2021\/07\/casquetteplate-768x763.jpg 768w\" sizes=\"auto, (max-width: 802px) 100vw, 802px\" \/><\/figure>\n<\/div>\n\n\n\n<div class=\"wp-block-column is-vertically-aligned-center is-layout-flow wp-block-column-is-layout-flow\">\n<p class=\"has-text-align-left has-medium-font-size\">Casquette plate<\/p>\n\n\n\n<p>CHF 20.-<\/p>\n<\/div>\n<\/div>\n\n\n\n<div class=\"wp-block-columns is-layout-flex wp-container-core-columns-is-layout-9d6595d7 wp-block-columns-is-layout-flex\">\n<div class=\"wp-block-column is-vertically-aligned-center is-layout-flow wp-block-column-is-layout-flow\" style=\"flex-basis:25%\">\n<p class=\"has-text-align-right has-medium-font-size\">Bonnet<\/p>\n\n\n\n<p class=\"has-text-align-right\">CHF 10.-<\/p>\n<\/div>\n\n\n\n<div class=\"wp-block-column is-vertically-aligned-center is-layout-flow wp-block-column-is-layout-flow\" style=\"flex-basis:25%\">\n<figure class=\"wp-block-image size-full\"><img loading=\"lazy\" decoding=\"async\" width=\"793\" height=\"795\" src=\"https:\/\/www.giblousia.ch\/wp-content\/uploads\/2021\/07\/bonnet.jpg\" alt=\"\" class=\"wp-image-179\" srcset=\"https:\/\/www.giblousia.ch\/wp-content\/uploads\/2021\/07\/bonnet.jpg 793w, https:\/\/www.giblousia.ch\/wp-content\/uploads\/2021\/07\/bonnet-300x300.jpg 300w, https:\/\/www.giblousia.ch\/wp-content\/uploads\/2021\/07\/bonnet-150x150.jpg 150w, https:\/\/www.giblousia.ch\/wp-content\/uploads\/2021\/07\/bonnet-768x770.jpg 768w\" sizes=\"auto, (max-width: 793px) 100vw, 793px\" \/><\/figure>\n<\/div>\n\n\n\n<div class=\"wp-block-column is-vertically-aligned-center is-layout-flow wp-block-column-is-layout-flow\" style=\"flex-basis:50%\">\n<p class=\"has-text-align-left has-medium-font-size\"><span style=\"text-decoration: underline;\">INFO<\/span><\/p>\n\n\n\n<ul class=\"wp-block-list\">\n<li>Le thermos SIGG est fourni avec sa tasse<\/li>\n<\/ul>\n\n\n\n<ul class=\"wp-block-list\">\n<li>Casquettes et bonnet en taille unique <\/li>\n<\/ul>\n<\/div>\n<\/div>\n\n\n\n<p>Si tu souhaites obtenir un ou deux articles (voire toute la panoplie !), tu peux nous faire la demande directement par <a href=\"mailto:comite@giblousia.ch\" data-type=\"mailto\" data-id=\"mailto:comite@giblousia.ch\">mail \u00e0 l&rsquo;adresse du comit\u00e9<\/a> en indiquant ce que tu d\u00e9sires commander.<\/p>\n","protected":false},"excerpt":{"rendered":"<p>Plusieurs goodies ont \u00e9t\u00e9 imagin\u00e9s et sont disponibles en remplissant le formulaire ci-dessous. Thermos SIGG 0.75L CHF 35.- Bouteille Isotherm 0.5L CHF 30.- Casquette arrondie CHF 20.- Casquette plate CHF 20.- Bonnet CHF 10.- INFO Si tu souhaites obtenir un ou deux articles (voire toute la panoplie !), tu peux nous faire la demande directement&hellip;&nbsp;<a href=\"https:\/\/www.giblousia.ch\/index.php\/goodies-scg\/\" rel=\"bookmark\">Lire la suite &raquo;<span class=\"screen-reader-text\">Goodies SCG<\/span><\/a><\/p>\n","protected":false},"author":1,"featured_media":0,"parent":0,"menu_order":0,"comment_status":"closed","ping_status":"closed","template":"","meta":{"neve_meta_sidebar":"","neve_meta_container":"","neve_meta_enable_content_width":"","neve_meta_content_width":0,"neve_meta_title_alignment":"","neve_meta_author_avatar":"","neve_post_elements_order":"","neve_meta_disable_header":"","neve_meta_disable_footer":"","neve_meta_disable_title":"","footnotes":""},"class_list":["post-1214","page","type-page","status-publish","hentry"],"jetpack_sharing_enabled":true,"_links":{"self":[{"href":"https:\/\/www.giblousia.ch\/index.php\/wp-json\/wp\/v2\/pages\/1214","targetHints":{"allow":["GET"]}}],"collection":[{"href":"https:\/\/www.giblousia.ch\/index.php\/wp-json\/wp\/v2\/pages"}],"about":[{"href":"https:\/\/www.giblousia.ch\/index.php\/wp-json\/wp\/v2\/types\/page"}],"author":[{"embeddable":true,"href":"https:\/\/www.giblousia.ch\/index.php\/wp-json\/wp\/v2\/users\/1"}],"replies":[{"embeddable":true,"href":"https:\/\/www.giblousia.ch\/index.php\/wp-json\/wp\/v2\/comments?post=1214"}],"version-history":[{"count":4,"href":"https:\/\/www.giblousia.ch\/index.php\/wp-json\/wp\/v2\/pages\/1214\/revisions"}],"predecessor-version":[{"id":2777,"href":"https:\/\/www.giblousia.ch\/index.php\/wp-json\/wp\/v2\/pages\/1214\/revisions\/2777"}],"wp:attachment":[{"href":"https:\/\/www.giblousia.ch\/index.php\/wp-json\/wp\/v2\/media?parent=1214"}],"curies":[{"name":"wp","href":"https:\/\/api.w.org\/{rel}","templated":true}]}}