{"id":240,"date":"2021-10-27T18:06:59","date_gmt":"2021-10-27T16:06:59","guid":{"rendered":"http:\/\/giblousia.ch\/?page_id=240"},"modified":"2025-04-01T21:43:53","modified_gmt":"2025-04-01T19:43:53","slug":"programme","status":"publish","type":"page","link":"https:\/\/www.giblousia.ch\/index.php\/programme\/","title":{"rendered":"Programme"},"content":{"rendered":"\n<p>Durant l&rsquo;ann\u00e9e, le Ski-Club propose diverses activit\u00e9s sportives et d\u00e9couvertes.<\/p>\n\n\n\n<div class=\"wp-block-columns is-layout-flex wp-container-core-columns-is-layout-9d6595d7 wp-block-columns-is-layout-flex\">\n<div class=\"wp-block-column is-layout-flow wp-block-column-is-layout-flow\" style=\"flex-basis:40%\">\n<div class=\"wp-block-group\"><div class=\"wp-block-group__inner-container is-layout-flow wp-block-group-is-layout-flow\">\n<ul class=\"wp-block-list\">\n<li><strong>Sortie automnale<\/strong>\n<ul class=\"wp-block-list\">\n<li> Initiation curling<\/li>\n<\/ul>\n<\/li>\n\n\n\n<li><strong>Fin novembre<\/strong>\n<ul class=\"wp-block-list\">\n<li>Week-end formation des moniteurs \u00e0 Saas-Fee<\/li>\n<\/ul>\n<\/li>\n\n\n\n<li><strong>Vacances de No\u00ebl<\/strong>\n<ul class=\"wp-block-list\">\n<li>Camp de ski (une ann\u00e9e sur deux)<\/li>\n<\/ul>\n<\/li>\n\n\n\n<li><strong>Janvier \u2013 f\u00e9vrier<\/strong>\n<ul class=\"wp-block-list\">\n<li>Week-ends de cours de ski et snowboard pour les enfants<\/li>\n\n\n\n<li>Mini-camp de ski (une ann\u00e9e sur deux)<\/li>\n<\/ul>\n<\/li>\n\n\n\n<li><strong>Mars<\/strong>\n<ul class=\"wp-block-list\">\n<li>Week-end des adultes<\/li>\n\n\n\n<li>Initiation peau de phoque<\/li>\n<\/ul>\n<\/li>\n\n\n\n<li><strong>Printemps<\/strong>\n<ul class=\"wp-block-list\">\n<li>Diverses activit\u00e9s (randonn\u00e9es, v\u00e9lo)<\/li>\n<\/ul>\n<\/li>\n\n\n\n<li><strong>Sorties estivales<\/strong>\n<ul class=\"wp-block-list\">\n<li>Diverses activit\u00e9s (VTT, paddle)<\/li>\n<\/ul>\n<\/li>\n<\/ul>\n<\/div><\/div>\n<\/div>\n\n\n\n<div class=\"wp-block-column is-layout-flow wp-block-column-is-layout-flow\" style=\"flex-basis:66.66%\">\n<div class=\"wp-block-jetpack-tiled-gallery aligncenter is-style-rectangular\"><div class=\"tiled-gallery__gallery\"><div class=\"tiled-gallery__row\"><div class=\"tiled-gallery__col\" style=\"flex-basis:63.93922%\"><figure class=\"tiled-gallery__item\"><img decoding=\"async\" srcset=\"https:\/\/i2.wp.com\/www.giblousia.ch\/wp-content\/uploads\/2021\/11\/SaasFee.jpeg?strip=info&#038;w=600&#038;ssl=1 600w,https:\/\/i2.wp.com\/www.giblousia.ch\/wp-content\/uploads\/2021\/11\/SaasFee.jpeg?strip=info&#038;w=900&#038;ssl=1 900w,https:\/\/i2.wp.com\/www.giblousia.ch\/wp-content\/uploads\/2021\/11\/SaasFee.jpeg?strip=info&#038;w=960&#038;ssl=1 960w\" alt=\"\" data-height=\"720\" data-id=\"617\" data-link=\"https:\/\/www.giblousia.ch\/index.php\/programme\/saasfee-2\/\" data-url=\"https:\/\/www.giblousia.ch\/wp-content\/uploads\/2021\/11\/SaasFee.jpeg\" data-width=\"960\" src=\"https:\/\/i2.wp.com\/www.giblousia.ch\/wp-content\/uploads\/2021\/11\/SaasFee.jpeg?ssl=1\" data-amp-layout=\"responsive\"\/><\/figure><\/div><div class=\"tiled-gallery__col\" style=\"flex-basis:36.06078%\"><figure class=\"tiled-gallery__item\"><img decoding=\"async\" srcset=\"https:\/\/i2.wp.com\/www.giblousia.ch\/wp-content\/uploads\/2021\/11\/IMG_20210924_195350-768x1024.jpg?strip=info&#038;w=600&#038;ssl=1 600w,https:\/\/i2.wp.com\/www.giblousia.ch\/wp-content\/uploads\/2021\/11\/IMG_20210924_195350-768x1024.jpg?strip=info&#038;w=900&#038;ssl=1 900w,https:\/\/i2.wp.com\/www.giblousia.ch\/wp-content\/uploads\/2021\/11\/IMG_20210924_195350-768x1024.jpg?strip=info&#038;w=1200&#038;ssl=1 1200w,https:\/\/i2.wp.com\/www.giblousia.ch\/wp-content\/uploads\/2021\/11\/IMG_20210924_195350-768x1024.jpg?strip=info&#038;w=1500&#038;ssl=1 1500w,https:\/\/i2.wp.com\/www.giblousia.ch\/wp-content\/uploads\/2021\/11\/IMG_20210924_195350-768x1024.jpg?strip=info&#038;w=1800&#038;ssl=1 1800w,https:\/\/i2.wp.com\/www.giblousia.ch\/wp-content\/uploads\/2021\/11\/IMG_20210924_195350-768x1024.jpg?strip=info&#038;w=1920&#038;ssl=1 1920w\" alt=\"\" data-height=\"2560\" data-id=\"616\" data-link=\"https:\/\/www.giblousia.ch\/index.php\/programme\/img_20210924_195350\/\" data-url=\"https:\/\/www.giblousia.ch\/wp-content\/uploads\/2021\/11\/IMG_20210924_195350-768x1024.jpg\" data-width=\"1920\" src=\"https:\/\/i2.wp.com\/www.giblousia.ch\/wp-content\/uploads\/2021\/11\/IMG_20210924_195350-768x1024.jpg?ssl=1\" data-amp-layout=\"responsive\"\/><\/figure><\/div><\/div><div class=\"tiled-gallery__row\"><div class=\"tiled-gallery__col\" style=\"flex-basis:35.34984%\"><figure class=\"tiled-gallery__item\"><img decoding=\"async\" srcset=\"https:\/\/i0.wp.com\/www.giblousia.ch\/wp-content\/uploads\/2021\/11\/cours.jpg?strip=info&#038;w=460&#038;ssl=1 460w\" alt=\"\" data-height=\"278\" data-id=\"620\" data-link=\"https:\/\/www.giblousia.ch\/index.php\/programme\/cours\/\" data-url=\"https:\/\/www.giblousia.ch\/wp-content\/uploads\/2021\/11\/cours.jpg\" data-width=\"460\" src=\"https:\/\/i0.wp.com\/www.giblousia.ch\/wp-content\/uploads\/2021\/11\/cours.jpg?ssl=1\" data-amp-layout=\"responsive\"\/><\/figure><figure class=\"tiled-gallery__item\"><img decoding=\"async\" srcset=\"https:\/\/i0.wp.com\/www.giblousia.ch\/wp-content\/uploads\/2021\/11\/veloUCI-1.jpg?strip=info&#038;w=600&#038;ssl=1 600w,https:\/\/i0.wp.com\/www.giblousia.ch\/wp-content\/uploads\/2021\/11\/veloUCI-1.jpg?strip=info&#038;w=752&#038;ssl=1 752w\" alt=\"\" data-height=\"568\" data-id=\"621\" data-link=\"https:\/\/www.giblousia.ch\/index.php\/programme\/velouci-2\/\" data-url=\"https:\/\/www.giblousia.ch\/wp-content\/uploads\/2021\/11\/veloUCI-1.jpg\" data-width=\"752\" src=\"https:\/\/i0.wp.com\/www.giblousia.ch\/wp-content\/uploads\/2021\/11\/veloUCI-1.jpg?ssl=1\" data-amp-layout=\"responsive\"\/><\/figure><\/div><div class=\"tiled-gallery__col\" style=\"flex-basis:64.65016%\"><figure class=\"tiled-gallery__item\"><img decoding=\"async\" srcset=\"https:\/\/i1.wp.com\/www.giblousia.ch\/wp-content\/uploads\/2021\/11\/slalomEpoque-1024x769.jpg?strip=info&#038;w=600&#038;ssl=1 600w,https:\/\/i1.wp.com\/www.giblousia.ch\/wp-content\/uploads\/2021\/11\/slalomEpoque-1024x769.jpg?strip=info&#038;w=900&#038;ssl=1 900w,https:\/\/i1.wp.com\/www.giblousia.ch\/wp-content\/uploads\/2021\/11\/slalomEpoque-1024x769.jpg?strip=info&#038;w=1067&#038;ssl=1 1067w\" alt=\"\" data-height=\"801\" data-id=\"619\" data-link=\"https:\/\/www.giblousia.ch\/index.php\/programme\/slalomepoque\/\" data-url=\"https:\/\/www.giblousia.ch\/wp-content\/uploads\/2021\/11\/slalomEpoque-1024x769.jpg\" data-width=\"1067\" src=\"https:\/\/i1.wp.com\/www.giblousia.ch\/wp-content\/uploads\/2021\/11\/slalomEpoque-1024x769.jpg?ssl=1\" data-amp-layout=\"responsive\"\/><\/figure><\/div><\/div><\/div><\/div>\n<\/div>\n<\/div>\n","protected":false},"excerpt":{"rendered":"<p>Durant l&rsquo;ann\u00e9e, le Ski-Club propose diverses activit\u00e9s sportives et d\u00e9couvertes.<\/p>\n","protected":false},"author":1,"featured_media":0,"parent":0,"menu_order":0,"comment_status":"closed","ping_status":"closed","template":"","meta":{"neve_meta_sidebar":"","neve_meta_container":"","neve_meta_enable_content_width":"","neve_meta_content_width":0,"neve_meta_title_alignment":"","neve_meta_author_avatar":"","neve_post_elements_order":"","neve_meta_disable_header":"","neve_meta_disable_footer":"","neve_meta_disable_title":"","footnotes":""},"class_list":["post-240","page","type-page","status-publish","hentry"],"jetpack_sharing_enabled":true,"_links":{"self":[{"href":"https:\/\/www.giblousia.ch\/index.php\/wp-json\/wp\/v2\/pages\/240","targetHints":{"allow":["GET"]}}],"collection":[{"href":"https:\/\/www.giblousia.ch\/index.php\/wp-json\/wp\/v2\/pages"}],"about":[{"href":"https:\/\/www.giblousia.ch\/index.php\/wp-json\/wp\/v2\/types\/page"}],"author":[{"embeddable":true,"href":"https:\/\/www.giblousia.ch\/index.php\/wp-json\/wp\/v2\/users\/1"}],"replies":[{"embeddable":true,"href":"https:\/\/www.giblousia.ch\/index.php\/wp-json\/wp\/v2\/comments?post=240"}],"version-history":[{"count":15,"href":"https:\/\/www.giblousia.ch\/index.php\/wp-json\/wp\/v2\/pages\/240\/revisions"}],"predecessor-version":[{"id":2839,"href":"https:\/\/www.giblousia.ch\/index.php\/wp-json\/wp\/v2\/pages\/240\/revisions\/2839"}],"wp:attachment":[{"href":"https:\/\/www.giblousia.ch\/index.php\/wp-json\/wp\/v2\/media?parent=240"}],"curies":[{"name":"wp","href":"https:\/\/api.w.org\/{rel}","templated":true}]}}