{"id":2780,"date":"2025-03-03T21:07:16","date_gmt":"2025-03-03T20:07:16","guid":{"rendered":"https:\/\/www.giblousia.ch\/?page_id=2780"},"modified":"2025-11-11T19:53:39","modified_gmt":"2025-11-11T18:53:39","slug":"2025-2026","status":"publish","type":"page","link":"https:\/\/www.giblousia.ch\/index.php\/2025-2026\/","title":{"rendered":"2025-2026"},"content":{"rendered":"\n<figure class=\"wp-block-table aligncenter is-style-stripes\"><table><tbody><tr><td><strong>9 mai 2025<\/strong><\/td><td><strong>Assembl\u00e9e G\u00e9n\u00e9rale<\/strong><\/td><\/tr><tr><td><strong>10 mai 2025<\/strong><\/td><td><strong>Nettoyage du Chalet<\/strong><\/td><\/tr><tr><td><strong>24 ao\u00fbt 2025<\/strong><\/td><td><strong>Sortie d&rsquo;\u00e9t\u00e9 &#8211; Ferme p\u00e9dagogique<\/strong><\/td><\/tr><tr><td><strong>6 septembre 2025<\/strong><\/td><td><strong>F\u00eate de la Fusion &#8211; Atelier styl\u00e9<\/strong><\/td><\/tr><tr><td><strong>28 septembre 2025<\/strong><\/td><td><strong>Sortie d&rsquo;automne &#8211; Parkour<\/strong><\/td><\/tr><tr><td><strong>7 octobre 2025<\/strong><\/td><td><strong>Soir\u00e9e 20% \u00e0 Sport Aventure Romont<\/strong><\/td><\/tr><tr><td><strong>1 novembre 2025<\/strong><\/td><td><strong>Soir\u00e9e des Moniteurs &#8211; petit Halloween<\/strong><\/td><\/tr><tr><td><strong>28 &#8211; 29 &#8211; 30 novembre 2025<\/strong><\/td><td><strong>Weekend de formation \u00e0 Saas-Fee<\/strong><\/td><\/tr><tr><td><strong>12 &#8211; 14 d\u00e9cembre 2025<\/strong><\/td><td><strong>Sortie des jeunes SCG 10-18 ans<\/strong><\/td><\/tr><tr><td><strong>2 &#8211; 4 janvier 2026<\/strong><\/td><td><strong>Mini-Camp de ski<\/strong><\/td><\/tr><tr><td><strong>18 &#8211; 25 janvier, 1 f\u00e9vrier 2026<\/strong><\/td><td><strong>Cours de ski &amp; snowboard<\/strong><\/td><\/tr><tr><td><strong>11 f\u00e9vrier 2026<\/strong><\/td><td><strong>Sortie d&rsquo;hiver en soir\u00e9e<\/strong><\/td><\/tr><tr><td><strong>27 &#8211; 28 f\u00e9vrier, 1 mars 2026<\/strong><\/td><td><strong>Week-end du Ski-Club &#8211; S\u00f6renberg<\/strong><\/td><\/tr><tr><td><strong>24 avril 2026<\/strong><\/td><td><strong>Souper de soutien<\/strong><\/td><\/tr><tr><td><strong>8 mai 2026<\/strong><\/td><td><strong>Assembl\u00e9e g\u00e9n\u00e9rale<\/strong><\/td><\/tr><tr><td><strong>9 mai 2026<\/strong><\/td><td><strong>Nettoyage du Chalet<\/strong><\/td><\/tr><\/tbody><\/table><figcaption class=\"wp-element-caption\">Programme sous r\u00e9serve de modifications<\/figcaption><\/figure>\n","protected":false},"excerpt":{"rendered":"<p>9 mai 2025 Assembl\u00e9e G\u00e9n\u00e9rale 10 mai 2025 Nettoyage du Chalet 24 ao\u00fbt 2025 Sortie d&rsquo;\u00e9t\u00e9 &#8211; Ferme p\u00e9dagogique 6 septembre 2025 F\u00eate de la Fusion &#8211; Atelier styl\u00e9 28 septembre 2025 Sortie d&rsquo;automne &#8211; Parkour 7 octobre 2025 Soir\u00e9e 20% \u00e0 Sport Aventure Romont 1 novembre 2025 Soir\u00e9e des Moniteurs &#8211; petit Halloween 28&hellip;&nbsp;<a href=\"https:\/\/www.giblousia.ch\/index.php\/2025-2026\/\" rel=\"bookmark\">Lire la suite &raquo;<span class=\"screen-reader-text\">2025-2026<\/span><\/a><\/p>\n","protected":false},"author":1,"featured_media":0,"parent":0,"menu_order":0,"comment_status":"closed","ping_status":"closed","template":"","meta":{"neve_meta_sidebar":"","neve_meta_container":"","neve_meta_enable_content_width":"","neve_meta_content_width":0,"neve_meta_title_alignment":"","neve_meta_author_avatar":"","neve_post_elements_order":"","neve_meta_disable_header":"","neve_meta_disable_footer":"","neve_meta_disable_title":"","footnotes":""},"class_list":["post-2780","page","type-page","status-publish","hentry"],"jetpack_sharing_enabled":true,"_links":{"self":[{"href":"https:\/\/www.giblousia.ch\/index.php\/wp-json\/wp\/v2\/pages\/2780","targetHints":{"allow":["GET"]}}],"collection":[{"href":"https:\/\/www.giblousia.ch\/index.php\/wp-json\/wp\/v2\/pages"}],"about":[{"href":"https:\/\/www.giblousia.ch\/index.php\/wp-json\/wp\/v2\/types\/page"}],"author":[{"embeddable":true,"href":"https:\/\/www.giblousia.ch\/index.php\/wp-json\/wp\/v2\/users\/1"}],"replies":[{"embeddable":true,"href":"https:\/\/www.giblousia.ch\/index.php\/wp-json\/wp\/v2\/comments?post=2780"}],"version-history":[{"count":5,"href":"https:\/\/www.giblousia.ch\/index.php\/wp-json\/wp\/v2\/pages\/2780\/revisions"}],"predecessor-version":[{"id":5841,"href":"https:\/\/www.giblousia.ch\/index.php\/wp-json\/wp\/v2\/pages\/2780\/revisions\/5841"}],"wp:attachment":[{"href":"https:\/\/www.giblousia.ch\/index.php\/wp-json\/wp\/v2\/media?parent=2780"}],"curies":[{"name":"wp","href":"https:\/\/api.w.org\/{rel}","templated":true}]}}