{"id":2863,"date":"2025-04-14T20:36:12","date_gmt":"2025-04-14T18:36:12","guid":{"rendered":"https:\/\/www.giblousia.ch\/?page_id=2863"},"modified":"2025-06-21T21:55:28","modified_gmt":"2025-06-21T19:55:28","slug":"gicrewblue","status":"publish","type":"page","link":"https:\/\/www.giblousia.ch\/index.php\/gicrewblue\/","title":{"rendered":"GiCrewBlue"},"content":{"rendered":"\n<p>Cr\u00e9\u00e9 en 2015, le GiCrewBlue repr\u00e9sente la section Freestyle du Ski-Club Giblousia. Gr\u00e2ce \u00e0 une \u00e9troite collaboration avec nos diff\u00e9rents partenaires, nous avons pu mettre sur pieds, au fil du temps, une solide \u00e9quipe de riders ainsi qu&rsquo;un snowpark qui ne cesse d&rsquo;\u00e9voluer.<\/p>\n\n\n\n<p>Durant la saison d&rsquo;hiver, l&rsquo;\u00e9quipe du GiCrewBlue se retrouve pour monter le snowpark au T\u00e9l\u00e9ski du Mont-Gibloux.<\/p>\n\n\n\n<p>Le Jib-Park (snowpark essentiellement compos\u00e9 de rails et de boxs) poss\u00e8de, \u00e0 l&rsquo;heure actuelle, plus d&rsquo;une dizaine de modules adapt\u00e9s \u00e0 tous les niveaux.<\/p>\n\n\n\n<div class=\"wp-block-columns is-layout-flex wp-container-core-columns-is-layout-9d6595d7 wp-block-columns-is-layout-flex\">\n<div class=\"wp-block-column is-vertically-aligned-center is-layout-flow wp-block-column-is-layout-flow\" style=\"flex-basis:33.33%\">\n<p class=\"has-text-align-center\">Petits clins d&rsquo;oeil de ce qui se passe au GiCrewBlue<\/p>\n<\/div>\n\n\n\n<div class=\"wp-block-column is-layout-flow wp-block-column-is-layout-flow\" style=\"flex-basis:66.66%\">\n<div class=\"wp-block-jetpack-slideshow aligncenter\" data-autoplay=\"true\" data-delay=\"3\" data-effect=\"slide\"><div class=\"wp-block-jetpack-slideshow_container swiper-container\"><ul class=\"wp-block-jetpack-slideshow_swiper-wrapper swiper-wrapper\"><li class=\"wp-block-jetpack-slideshow_slide swiper-slide\"><figure><img loading=\"lazy\" decoding=\"async\" width=\"900\" height=\"490\" alt=\"\" class=\"wp-block-jetpack-slideshow_image wp-image-2865\" data-id=\"2865\" src=\"https:\/\/www.giblousia.ch\/wp-content\/uploads\/2025\/04\/Montage_1.webp\" srcset=\"https:\/\/www.giblousia.ch\/wp-content\/uploads\/2025\/04\/Montage_1.webp 900w, https:\/\/www.giblousia.ch\/wp-content\/uploads\/2025\/04\/Montage_1-300x163.webp 300w, https:\/\/www.giblousia.ch\/wp-content\/uploads\/2025\/04\/Montage_1-768x418.webp 768w\" sizes=\"(max-width: 900px) 100vw, 900px\" \/><\/figure><\/li><li class=\"wp-block-jetpack-slideshow_slide swiper-slide\"><figure><img loading=\"lazy\" decoding=\"async\" width=\"960\" height=\"668\" alt=\"\" class=\"wp-block-jetpack-slideshow_image wp-image-2868\" data-id=\"2868\" src=\"https:\/\/www.giblousia.ch\/wp-content\/uploads\/2025\/04\/Montage_2.webp\" srcset=\"https:\/\/www.giblousia.ch\/wp-content\/uploads\/2025\/04\/Montage_2.webp 960w, https:\/\/www.giblousia.ch\/wp-content\/uploads\/2025\/04\/Montage_2-300x209.webp 300w, https:\/\/www.giblousia.ch\/wp-content\/uploads\/2025\/04\/Montage_2-768x534.webp 768w\" sizes=\"(max-width: 960px) 100vw, 960px\" \/><\/figure><\/li><li class=\"wp-block-jetpack-slideshow_slide swiper-slide\"><figure><img loading=\"lazy\" decoding=\"async\" width=\"960\" height=\"734\" alt=\"\" class=\"wp-block-jetpack-slideshow_image wp-image-2866\" data-id=\"2866\" src=\"https:\/\/www.giblousia.ch\/wp-content\/uploads\/2025\/04\/Montage_4.webp\" srcset=\"https:\/\/www.giblousia.ch\/wp-content\/uploads\/2025\/04\/Montage_4.webp 960w, https:\/\/www.giblousia.ch\/wp-content\/uploads\/2025\/04\/Montage_4-300x229.webp 300w, https:\/\/www.giblousia.ch\/wp-content\/uploads\/2025\/04\/Montage_4-768x587.webp 768w\" sizes=\"(max-width: 960px) 100vw, 960px\" \/><\/figure><\/li><li class=\"wp-block-jetpack-slideshow_slide swiper-slide\"><figure><img loading=\"lazy\" decoding=\"async\" width=\"1024\" height=\"768\" alt=\"\" class=\"wp-block-jetpack-slideshow_image wp-image-2864\" data-id=\"2864\" src=\"https:\/\/www.giblousia.ch\/wp-content\/uploads\/2025\/04\/Montage_5-1024x768.webp\" srcset=\"https:\/\/www.giblousia.ch\/wp-content\/uploads\/2025\/04\/Montage_5-1024x768.webp 1024w, https:\/\/www.giblousia.ch\/wp-content\/uploads\/2025\/04\/Montage_5-300x225.webp 300w, https:\/\/www.giblousia.ch\/wp-content\/uploads\/2025\/04\/Montage_5-768x576.webp 768w, https:\/\/www.giblousia.ch\/wp-content\/uploads\/2025\/04\/Montage_5.webp 1093w\" sizes=\"(max-width: 1024px) 100vw, 1024px\" \/><\/figure><\/li><li class=\"wp-block-jetpack-slideshow_slide swiper-slide\"><figure><img loading=\"lazy\" decoding=\"async\" width=\"987\" height=\"653\" alt=\"\" class=\"wp-block-jetpack-slideshow_image wp-image-2870\" data-id=\"2870\" src=\"https:\/\/www.giblousia.ch\/wp-content\/uploads\/2025\/04\/Ride_1.png\" srcset=\"https:\/\/www.giblousia.ch\/wp-content\/uploads\/2025\/04\/Ride_1.png 987w, https:\/\/www.giblousia.ch\/wp-content\/uploads\/2025\/04\/Ride_1-300x198.png 300w, https:\/\/www.giblousia.ch\/wp-content\/uploads\/2025\/04\/Ride_1-768x508.png 768w\" sizes=\"(max-width: 987px) 100vw, 987px\" \/><\/figure><\/li><li class=\"wp-block-jetpack-slideshow_slide swiper-slide\"><figure><img loading=\"lazy\" decoding=\"async\" width=\"982\" height=\"648\" alt=\"\" class=\"wp-block-jetpack-slideshow_image wp-image-2871\" data-id=\"2871\" src=\"https:\/\/www.giblousia.ch\/wp-content\/uploads\/2025\/04\/Ride_2.png\" srcset=\"https:\/\/www.giblousia.ch\/wp-content\/uploads\/2025\/04\/Ride_2.png 982w, https:\/\/www.giblousia.ch\/wp-content\/uploads\/2025\/04\/Ride_2-300x198.png 300w, https:\/\/www.giblousia.ch\/wp-content\/uploads\/2025\/04\/Ride_2-768x507.png 768w\" sizes=\"(max-width: 982px) 100vw, 982px\" \/><\/figure><\/li><li class=\"wp-block-jetpack-slideshow_slide swiper-slide\"><figure><img loading=\"lazy\" decoding=\"async\" width=\"978\" height=\"643\" alt=\"\" class=\"wp-block-jetpack-slideshow_image wp-image-2872\" data-id=\"2872\" src=\"https:\/\/www.giblousia.ch\/wp-content\/uploads\/2025\/04\/Ride_3.png\" srcset=\"https:\/\/www.giblousia.ch\/wp-content\/uploads\/2025\/04\/Ride_3.png 978w, https:\/\/www.giblousia.ch\/wp-content\/uploads\/2025\/04\/Ride_3-300x197.png 300w, https:\/\/www.giblousia.ch\/wp-content\/uploads\/2025\/04\/Ride_3-768x505.png 768w\" sizes=\"(max-width: 978px) 100vw, 978px\" \/><\/figure><\/li><li class=\"wp-block-jetpack-slideshow_slide swiper-slide\"><figure><img loading=\"lazy\" decoding=\"async\" width=\"1024\" height=\"681\" alt=\"\" class=\"wp-block-jetpack-slideshow_image wp-image-2873\" data-id=\"2873\" src=\"https:\/\/www.giblousia.ch\/wp-content\/uploads\/2025\/04\/Ride_4-1024x681.png\" srcset=\"https:\/\/www.giblousia.ch\/wp-content\/uploads\/2025\/04\/Ride_4-1024x681.png 1024w, https:\/\/www.giblousia.ch\/wp-content\/uploads\/2025\/04\/Ride_4-300x200.png 300w, https:\/\/www.giblousia.ch\/wp-content\/uploads\/2025\/04\/Ride_4-768x511.png 768w, https:\/\/www.giblousia.ch\/wp-content\/uploads\/2025\/04\/Ride_4.png 1102w\" sizes=\"(max-width: 1024px) 100vw, 1024px\" \/><\/figure><\/li><li class=\"wp-block-jetpack-slideshow_slide swiper-slide\"><figure><img loading=\"lazy\" decoding=\"async\" width=\"1024\" height=\"665\" alt=\"\" class=\"wp-block-jetpack-slideshow_image wp-image-2874\" data-id=\"2874\" src=\"https:\/\/www.giblousia.ch\/wp-content\/uploads\/2025\/04\/Ride_5-1024x665.png\" srcset=\"https:\/\/www.giblousia.ch\/wp-content\/uploads\/2025\/04\/Ride_5-1024x665.png 1024w, https:\/\/www.giblousia.ch\/wp-content\/uploads\/2025\/04\/Ride_5-300x195.png 300w, https:\/\/www.giblousia.ch\/wp-content\/uploads\/2025\/04\/Ride_5-768x498.png 768w, https:\/\/www.giblousia.ch\/wp-content\/uploads\/2025\/04\/Ride_5.png 1097w\" sizes=\"(max-width: 1024px) 100vw, 1024px\" \/><\/figure><\/li><\/ul><a class=\"wp-block-jetpack-slideshow_button-prev swiper-button-prev swiper-button-white\" role=\"button\"><\/a><a class=\"wp-block-jetpack-slideshow_button-next swiper-button-next swiper-button-white\" role=\"button\"><\/a><a aria-label=\"Pause Slideshow\" class=\"wp-block-jetpack-slideshow_button-pause\" role=\"button\"><\/a><div class=\"wp-block-jetpack-slideshow_pagination swiper-pagination swiper-pagination-white\"><\/div><\/div><\/div>\n<\/div>\n<\/div>\n\n\n\n<p class=\"has-text-align-center\">A c\u00f4t\u00e9 de nos journ\u00e9es de ride, nous sommes toujours \u00e0 la recherche de la rel\u00e8ve, plus jeune et motiv\u00e9e \u00e0 \u00e9voluer avec nous!<\/p>\n\n\n\n<p class=\"has-text-align-center\">Si tu es int\u00e9ress\u00e9-e ou si tu souhaites avoir des informations \u00e0 propos du GiCrewBlue,<br>tu peux sans autre contacter St\u00e9phane Cochard au 079 122 04 00<\/p>\n\n\n<div class=\"wp-block-image\">\n<figure class=\"aligncenter size-full\"><img loading=\"lazy\" decoding=\"async\" width=\"350\" height=\"130\" src=\"https:\/\/www.giblousia.ch\/wp-content\/uploads\/2025\/04\/GiCrewBlue-New.avif\" alt=\"\" class=\"wp-image-2876\"\/><\/figure><\/div>","protected":false},"excerpt":{"rendered":"<p>Cr\u00e9\u00e9 en 2015, le GiCrewBlue repr\u00e9sente la section Freestyle du Ski-Club Giblousia. Gr\u00e2ce \u00e0 une \u00e9troite collaboration avec nos diff\u00e9rents partenaires, nous avons pu mettre sur pieds, au fil du temps, une solide \u00e9quipe de riders ainsi qu&rsquo;un snowpark qui ne cesse d&rsquo;\u00e9voluer. Durant la saison d&rsquo;hiver, l&rsquo;\u00e9quipe du GiCrewBlue se retrouve pour monter le&hellip;&nbsp;<a href=\"https:\/\/www.giblousia.ch\/index.php\/gicrewblue\/\" rel=\"bookmark\">Lire la suite &raquo;<span class=\"screen-reader-text\">GiCrewBlue<\/span><\/a><\/p>\n","protected":false},"author":1,"featured_media":2876,"parent":0,"menu_order":0,"comment_status":"closed","ping_status":"closed","template":"","meta":{"neve_meta_sidebar":"","neve_meta_container":"","neve_meta_enable_content_width":"","neve_meta_content_width":0,"neve_meta_title_alignment":"","neve_meta_author_avatar":"","neve_post_elements_order":"","neve_meta_disable_header":"","neve_meta_disable_footer":"","neve_meta_disable_title":"","footnotes":""},"class_list":["post-2863","page","type-page","status-publish","has-post-thumbnail","hentry"],"jetpack_sharing_enabled":true,"_links":{"self":[{"href":"https:\/\/www.giblousia.ch\/index.php\/wp-json\/wp\/v2\/pages\/2863","targetHints":{"allow":["GET"]}}],"collection":[{"href":"https:\/\/www.giblousia.ch\/index.php\/wp-json\/wp\/v2\/pages"}],"about":[{"href":"https:\/\/www.giblousia.ch\/index.php\/wp-json\/wp\/v2\/types\/page"}],"author":[{"embeddable":true,"href":"https:\/\/www.giblousia.ch\/index.php\/wp-json\/wp\/v2\/users\/1"}],"replies":[{"embeddable":true,"href":"https:\/\/www.giblousia.ch\/index.php\/wp-json\/wp\/v2\/comments?post=2863"}],"version-history":[{"count":7,"href":"https:\/\/www.giblousia.ch\/index.php\/wp-json\/wp\/v2\/pages\/2863\/revisions"}],"predecessor-version":[{"id":5707,"href":"https:\/\/www.giblousia.ch\/index.php\/wp-json\/wp\/v2\/pages\/2863\/revisions\/5707"}],"wp:featuredmedia":[{"embeddable":true,"href":"https:\/\/www.giblousia.ch\/index.php\/wp-json\/wp\/v2\/media\/2876"}],"wp:attachment":[{"href":"https:\/\/www.giblousia.ch\/index.php\/wp-json\/wp\/v2\/media?parent=2863"}],"curies":[{"name":"wp","href":"https:\/\/api.w.org\/{rel}","templated":true}]}}