{"id":48,"date":"2020-10-31T12:45:05","date_gmt":"2020-10-31T11:45:05","guid":{"rendered":"https:\/\/giblousia.wordpress.com\/?page_id=48"},"modified":"2025-04-14T22:33:20","modified_gmt":"2025-04-14T20:33:20","slug":"presentation","status":"publish","type":"page","link":"https:\/\/www.giblousia.ch\/index.php\/presentation\/","title":{"rendered":"Pr\u00e9sentation"},"content":{"rendered":"\n<p class=\"has-text-align-left\">Le but de notre club, qui a r\u00e9cemment f\u00eat\u00e9 ses 50 ans d\u2019existence, est d&rsquo;offrir la possibilit\u00e9 aux familles et aux jeunes de la r\u00e9gion du Gibloux de partager des moments de plaisir par la pratique des sports de glisse et de d\u00e9couvrir d\u2019autres sport lors de nos nombreuses activit\u00e9s.<\/p>\n\n\n\n<p>La vie du Ski-Club au cours de l&rsquo;ann\u00e9e est la suivante :<\/p>\n\n\n\n<ul class=\"wp-block-list\">\n<li>A la fin novembre, nos moniteurs J+S et futurs moniteurs se forment et se mettent en jambe pour la saison lors d&rsquo;un week-end de formation qui a lieu traditionnellement \u00e0 Saas-Fee.<\/li>\n\n\n\n<li>Tous les 2 ans entre No\u00ebl et Nouvel-An a lieu notre camp de ski ouvert \u00e0 tous les membres, en famille et entre amis. Nos moniteurs form\u00e9s prennent en charge les enfants d\u00e8s 6 ans durant la journ\u00e9e. D&rsquo;autres activit\u00e9s (par exemple curling, patinage, grimpe, &#8230;) et animations permettent de varier les plaisirs tout au long de la semaine. Ces derni\u00e8res ann\u00e9es, nous avons entre autres d\u00e9couvert les stations de Disentis-Segnas, Kandersteg-L\u00f6tschental, Leuk, St-Luc et Zinal.<\/li>\n\n\n\n<li>3 journ\u00e9es de cours sont organis\u00e9es pour les enfants au cours de la saison, si possible \u00e0 Villarlod ou dans une station de la r\u00e9gion en fonction de l\u2019enneigement.<\/li>\n\n\n\n<li>Pour les adultes, notre traditionnel week-end annuel permet de d\u00e9couvrir de nouvelles stations dans une ambiance d\u00e9contract\u00e9e.<\/li>\n\n\n\n<li>Au mois de mars, une sortie en peaux de phoque est organis\u00e9e par quelques membres passionn\u00e9s, pour les d\u00e9butants comme pour les exp\u00e9riment\u00e9s.<\/li>\n\n\n\n<li>Chaque \u00e9t\u00e9 est organis\u00e9e une sortie estivale ouverte aux familles afin de profiter des beaux jours pour faire un peu de sport et partager une grillade. Nous avons par exemple test\u00e9 le VTT \u00ab\u00a0Downhill\u00a0\u00bb ou le kayak.<\/li>\n\n\n\n<li>D\u2019autres activit\u00e9s sont propos\u00e9es durant la saison telle qu\u2019une initiation au ski de fond ou encore au v\u00e9lo de piste pour varier un peu de la neige.<\/li>\n\n\n\n<li>Le <a href=\"https:\/\/www.giblousia.ch\/index.php\/gicrewblue\/\" data-type=\"link\" data-id=\"https:\/\/www.giblousia.ch\/index.php\/gicrewblue\/\">GiCrewBlue<\/a>, branche Freestyle du club, organise le snowpark du T\u00e9l\u00e9ski Mont-Gibloux avec beaucoup de succ\u00e8s.<\/li>\n<\/ul>\n\n\n\n<p>Toutes nos activit\u00e9s sont propos\u00e9es \u00e0 petit prix pour les membres permettant ainsi \u00e0 un maximum de personnes d\u2019y participer.<\/p>\n\n\n\n<p>D&rsquo;une mani\u00e8re g\u00e9n\u00e9rale, nous accordons une tr\u00e8s grande importance \u00e0 la formation des jeunes et donc de nos moniteurs. Tous nos moniteurs ont suivi un cours de formation J+S pour avoir de bonnes bases tant au niveau technique que p\u00e9dagogique pour l&rsquo;enseignement des sports de glisse avec des groupes d&rsquo;enfant ou de jeunes. Actuellement, le club peut compter sur une <span class=\"has-inline-color has-secondary-color\">trentaine <\/span>de monitrices et moniteurs actifs.<\/p>\n\n\n\n<p>Tu es int\u00e9ress\u00e9\u2022e \u00e0 devenir membre et ainsi b\u00e9n\u00e9ficier de tr\u00e8s bon prix lors des activit\u00e9s du club ?<br>C&rsquo;est tr\u00e8s simple, il te suffit de remplir le <a href=\"https:\/\/www.giblousia.ch\/index.php\/inscription\/\" data-type=\"URL\" data-id=\"https:\/\/www.giblousia.ch\/index.php\/inscription\/\">formulaire d&rsquo;inscription<\/a>.<\/p>\n\n\n\n<p>Au plaisir de te retrouver prochainement sur les pistes !<\/p>\n","protected":false},"excerpt":{"rendered":"<p>Le but de notre club, qui a r\u00e9cemment f\u00eat\u00e9 ses 50 ans d\u2019existence, est d&rsquo;offrir la possibilit\u00e9 aux familles et aux jeunes de la r\u00e9gion du Gibloux de partager des moments de plaisir par la pratique des sports de glisse et de d\u00e9couvrir d\u2019autres sport lors de nos nombreuses activit\u00e9s. La vie du Ski-Club au&hellip;&nbsp;<a href=\"https:\/\/www.giblousia.ch\/index.php\/presentation\/\" rel=\"bookmark\">Lire la suite &raquo;<span class=\"screen-reader-text\">Pr\u00e9sentation<\/span><\/a><\/p>\n","protected":false},"author":2,"featured_media":0,"parent":0,"menu_order":0,"comment_status":"closed","ping_status":"closed","template":"","meta":{"neve_meta_sidebar":"","neve_meta_container":"","neve_meta_enable_content_width":"","neve_meta_content_width":0,"neve_meta_title_alignment":"","neve_meta_author_avatar":"","neve_post_elements_order":"","neve_meta_disable_header":"","neve_meta_disable_footer":"","neve_meta_disable_title":"","footnotes":""},"class_list":["post-48","page","type-page","status-publish","hentry"],"jetpack_sharing_enabled":true,"_links":{"self":[{"href":"https:\/\/www.giblousia.ch\/index.php\/wp-json\/wp\/v2\/pages\/48","targetHints":{"allow":["GET"]}}],"collection":[{"href":"https:\/\/www.giblousia.ch\/index.php\/wp-json\/wp\/v2\/pages"}],"about":[{"href":"https:\/\/www.giblousia.ch\/index.php\/wp-json\/wp\/v2\/types\/page"}],"author":[{"embeddable":true,"href":"https:\/\/www.giblousia.ch\/index.php\/wp-json\/wp\/v2\/users\/2"}],"replies":[{"embeddable":true,"href":"https:\/\/www.giblousia.ch\/index.php\/wp-json\/wp\/v2\/comments?post=48"}],"version-history":[{"count":6,"href":"https:\/\/www.giblousia.ch\/index.php\/wp-json\/wp\/v2\/pages\/48\/revisions"}],"predecessor-version":[{"id":2887,"href":"https:\/\/www.giblousia.ch\/index.php\/wp-json\/wp\/v2\/pages\/48\/revisions\/2887"}],"wp:attachment":[{"href":"https:\/\/www.giblousia.ch\/index.php\/wp-json\/wp\/v2\/media?parent=48"}],"curies":[{"name":"wp","href":"https:\/\/api.w.org\/{rel}","templated":true}]}}