{"id":7,"date":"2020-10-31T11:44:04","date_gmt":"2020-10-31T10:44:04","guid":{"rendered":"https:\/\/giblousia.wordpress.com\/?page_id=6"},"modified":"2026-03-06T23:06:15","modified_gmt":"2026-03-06T22:06:15","slug":"home","status":"publish","type":"page","link":"https:\/\/www.giblousia.ch\/","title":{"rendered":"Accueil"},"content":{"rendered":"\n<p><\/p>\n\n\n<div class=\"wp-block-image\">\n<figure class=\"aligncenter size-full is-resized\"><a href=\"https:\/\/www.giblousia.ch\/index.php\/souper-de-soutien\/\"><img loading=\"lazy\" decoding=\"async\" width=\"1600\" height=\"1128\" src=\"https:\/\/www.giblousia.ch\/wp-content\/uploads\/2026\/01\/SaveTheDate_SouperSoutien_Paysage_QR.jpeg\" alt=\"\" class=\"wp-image-5947\" style=\"width:800px\" srcset=\"https:\/\/www.giblousia.ch\/wp-content\/uploads\/2026\/01\/SaveTheDate_SouperSoutien_Paysage_QR.jpeg 1600w, https:\/\/www.giblousia.ch\/wp-content\/uploads\/2026\/01\/SaveTheDate_SouperSoutien_Paysage_QR-300x212.jpeg 300w, https:\/\/www.giblousia.ch\/wp-content\/uploads\/2026\/01\/SaveTheDate_SouperSoutien_Paysage_QR-1024x722.jpeg 1024w, https:\/\/www.giblousia.ch\/wp-content\/uploads\/2026\/01\/SaveTheDate_SouperSoutien_Paysage_QR-768x541.jpeg 768w, https:\/\/www.giblousia.ch\/wp-content\/uploads\/2026\/01\/SaveTheDate_SouperSoutien_Paysage_QR-1536x1083.jpeg 1536w\" sizes=\"auto, (max-width: 1600px) 100vw, 1600px\" \/><\/a><\/figure><\/div>\n\n\n<p><\/p>\n\n\n\n<div class=\"wp-block-columns are-vertically-aligned-center has-neve-link-hover-color-background-color has-background is-layout-flex wp-container-core-columns-is-layout-9d6595d7 wp-block-columns-is-layout-flex\">\n<div class=\"wp-block-column is-vertically-aligned-center is-layout-flow wp-block-column-is-layout-flow\" style=\"flex-basis:50%\">\n<p class=\"has-text-align-center has-nv-site-bg-color has-text-color has-medium-font-size\"><br><strong>Envie de rejoindre le club ?<\/strong><\/p>\n<\/div>\n\n\n\n<div class=\"wp-block-column is-vertically-aligned-center is-layout-flow wp-block-column-is-layout-flow\" style=\"flex-basis:50%\">\n<div class=\"wp-block-buttons is-horizontal is-content-justification-center is-layout-flex wp-container-core-buttons-is-layout-499968f5 wp-block-buttons-is-layout-flex\">\n<div class=\"wp-block-button has-custom-width wp-block-button__width-75 is-style-default\"><a class=\"wp-block-button__link has-medium-font-size has-custom-font-size wp-element-button\" href=\"https:\/\/www.giblousia.ch\/index.php\/inscription\/\" style=\"border-radius:20px\">C&rsquo;est par ici !<\/a><\/div>\n<\/div>\n<\/div>\n<\/div>\n\n\n\n<div class=\"wp-block-group\"><div class=\"wp-block-group__inner-container is-layout-flow wp-block-group-is-layout-flow\">\n<p><\/p>\n\n\n\n<h2 class=\"wp-block-heading has-medium-font-size\">Actualit\u00e9<\/h2>\n<\/div><\/div>\n\n\n\n<div class=\"wp-block-query is-layout-flow wp-block-query-is-layout-flow\"><ul class=\"columns-2 wp-block-post-template is-layout-grid wp-container-core-post-template-is-layout-17361a50 wp-block-post-template-is-layout-grid\"><li class=\"wp-block-post post-2748 post type-post status-publish format-standard has-post-thumbnail hentry category-non-classe\">\n\n<div class=\"wp-block-group\" style=\"padding-top:30px;padding-right:30px;padding-bottom:30px;padding-left:30px\"><div class=\"wp-block-group__inner-container is-layout-flow wp-block-group-is-layout-flow\"><h2 class=\"wp-block-post-title\"><a href=\"https:\/\/www.giblousia.ch\/index.php\/2025\/01\/07\/camp-de-ski-24-25-davos-klosters-parsenn-merci\/\" target=\"_self\" >Camp de ski 24\/25 Davos Klosters Parsenn = MERCI<\/a><\/h2>\n\n<div class=\"wp-block-post-excerpt\"><p class=\"wp-block-post-excerpt__excerpt\">Une semaine de grand ciel bleu, une neige parfaite, des conditions incroyables, une ambiance folle et des participant.e.s au taquet ! Retour rapide en image sur notre dernier camp de ski dans la station de Davos Klosters Parsenn. Ces magnifiques moments n&rsquo;auraient pas pu avoir lieu sans le pr\u00e9cieux soutien de nos g\u00e9n\u00e9reux Sponsors \u00e0\u2026 <\/p><\/div>\n\n<div class=\"wp-block-post-date\"><time datetime=\"2025-01-07T22:19:16+01:00\">7 janvier 2025<\/time><\/div><\/div><\/div>\n\n\n<figure class=\"wp-block-post-featured-image\"><img loading=\"lazy\" decoding=\"async\" width=\"2560\" height=\"1920\" src=\"https:\/\/www.giblousia.ch\/wp-content\/uploads\/2025\/01\/20241230_163651_resized-scaled.jpg\" class=\"attachment-post-thumbnail size-post-thumbnail wp-post-image\" alt=\"\" style=\"object-fit:cover;\" srcset=\"https:\/\/www.giblousia.ch\/wp-content\/uploads\/2025\/01\/20241230_163651_resized-scaled.jpg 2560w, https:\/\/www.giblousia.ch\/wp-content\/uploads\/2025\/01\/20241230_163651_resized-300x225.jpg 300w, https:\/\/www.giblousia.ch\/wp-content\/uploads\/2025\/01\/20241230_163651_resized-1024x768.jpg 1024w, https:\/\/www.giblousia.ch\/wp-content\/uploads\/2025\/01\/20241230_163651_resized-768x576.jpg 768w, https:\/\/www.giblousia.ch\/wp-content\/uploads\/2025\/01\/20241230_163651_resized-1536x1152.jpg 1536w, https:\/\/www.giblousia.ch\/wp-content\/uploads\/2025\/01\/20241230_163651_resized-2048x1536.jpg 2048w\" sizes=\"auto, (max-width: 2560px) 100vw, 2560px\" \/><\/figure>\n<\/li><li class=\"wp-block-post post-1393 post type-post status-publish format-standard has-post-thumbnail hentry category-non-classe\">\n\n<div class=\"wp-block-group\" style=\"padding-top:30px;padding-right:30px;padding-bottom:30px;padding-left:30px\"><div class=\"wp-block-group__inner-container is-layout-flow wp-block-group-is-layout-flow\"><h2 class=\"wp-block-post-title\"><a href=\"https:\/\/www.giblousia.ch\/index.php\/2023\/02\/12\/souvenirs-du-camp-de-ski-22-23\/\" target=\"_self\" >Souvenirs du camp de ski 22-23<\/a><\/h2>\n\n<div class=\"wp-block-post-excerpt\"><p class=\"wp-block-post-excerpt__excerpt\">Quelques souvenirs du camp et un grand merci \u00e0 tous nos g\u00e9n\u00e9reux sponsors ! <\/p><\/div>\n\n<div class=\"wp-block-post-date\"><time datetime=\"2023-02-12T09:41:22+01:00\">12 f\u00e9vrier 2023<\/time><\/div><\/div><\/div>\n\n\n<figure class=\"wp-block-post-featured-image\"><img loading=\"lazy\" decoding=\"async\" width=\"1353\" height=\"900\" src=\"https:\/\/www.giblousia.ch\/wp-content\/uploads\/2023\/02\/IMG-20230212-WA0004-1.jpg\" class=\"attachment-post-thumbnail size-post-thumbnail wp-post-image\" alt=\"\" style=\"object-fit:cover;\" srcset=\"https:\/\/www.giblousia.ch\/wp-content\/uploads\/2023\/02\/IMG-20230212-WA0004-1.jpg 1353w, https:\/\/www.giblousia.ch\/wp-content\/uploads\/2023\/02\/IMG-20230212-WA0004-1-300x200.jpg 300w, https:\/\/www.giblousia.ch\/wp-content\/uploads\/2023\/02\/IMG-20230212-WA0004-1-1024x681.jpg 1024w, https:\/\/www.giblousia.ch\/wp-content\/uploads\/2023\/02\/IMG-20230212-WA0004-1-768x511.jpg 768w, https:\/\/www.giblousia.ch\/wp-content\/uploads\/2023\/02\/IMG-20230212-WA0004-1-930x620.jpg 930w\" sizes=\"auto, (max-width: 1353px) 100vw, 1353px\" \/><\/figure>\n<\/li><li class=\"wp-block-post post-852 post type-post status-publish format-standard has-post-thumbnail hentry category-non-classe\">\n\n<div class=\"wp-block-group\" style=\"padding-top:30px;padding-right:30px;padding-bottom:30px;padding-left:30px\"><div class=\"wp-block-group__inner-container is-layout-flow wp-block-group-is-layout-flow\"><h2 class=\"wp-block-post-title\"><a href=\"https:\/\/www.giblousia.ch\/index.php\/2022\/02\/20\/cest-comment-chez-vous\/\" target=\"_self\" >Giblousia a affront\u00e9 les Yetis de Payerne dans l&rsquo;\u00e9mission \u00ab\u00a0C&rsquo;est comment chez vous ?\u00a0\u00bb<\/a><\/h2>\n\n<div class=\"wp-block-post-excerpt\"><p class=\"wp-block-post-excerpt__excerpt\">Revivez les 2 manches et la finale du jeu t\u00e9l\u00e9vis\u00e9 C&rsquo;est comment chez vous, propos\u00e9 par La T\u00e9l\u00e9 Vaud Fribourg, qui opposait le Ski-Club Giblousia aux Yetis de Payerne. 1\u00e8re manche 2\u00e8me manche Finale <\/p><\/div>\n\n<div class=\"wp-block-post-date\"><time datetime=\"2022-02-20T12:00:10+01:00\">20 f\u00e9vrier 2022<\/time><\/div><\/div><\/div>\n\n\n<figure class=\"wp-block-post-featured-image\"><img loading=\"lazy\" decoding=\"async\" width=\"4032\" height=\"3024\" src=\"https:\/\/www.giblousia.ch\/wp-content\/uploads\/2022\/01\/CestCommentChezVous_2.png\" class=\"attachment-post-thumbnail size-post-thumbnail wp-post-image\" alt=\"\" style=\"object-fit:cover;\" srcset=\"https:\/\/www.giblousia.ch\/wp-content\/uploads\/2022\/01\/CestCommentChezVous_2.png 4032w, https:\/\/www.giblousia.ch\/wp-content\/uploads\/2022\/01\/CestCommentChezVous_2-300x225.png 300w, https:\/\/www.giblousia.ch\/wp-content\/uploads\/2022\/01\/CestCommentChezVous_2-1024x768.png 1024w, https:\/\/www.giblousia.ch\/wp-content\/uploads\/2022\/01\/CestCommentChezVous_2-768x576.png 768w, https:\/\/www.giblousia.ch\/wp-content\/uploads\/2022\/01\/CestCommentChezVous_2-1536x1152.png 1536w, https:\/\/www.giblousia.ch\/wp-content\/uploads\/2022\/01\/CestCommentChezVous_2-2048x1536.png 2048w\" sizes=\"auto, (max-width: 4032px) 100vw, 4032px\" \/><\/figure>\n<\/li><li class=\"wp-block-post post-10 post type-post status-publish format-standard has-post-thumbnail hentry category-non-classe\">\n\n<div class=\"wp-block-group\" style=\"padding-top:30px;padding-right:30px;padding-bottom:30px;padding-left:30px\"><div class=\"wp-block-group__inner-container is-layout-flow wp-block-group-is-layout-flow\"><h2 class=\"wp-block-post-title\"><a href=\"https:\/\/www.giblousia.ch\/index.php\/2021\/09\/15\/refresh\/\" target=\"_self\" >Rafraichissement du chalet du Ski-Club<\/a><\/h2>\n\n<div class=\"wp-block-post-excerpt\"><p class=\"wp-block-post-excerpt__excerpt\">Durant le printemps et l&rsquo;\u00e9t\u00e9 2021, un vent de fra\u00eecheur a souffl\u00e9 sur le Gibloux. Gr\u00e2ce \u00e0 plusieurs membres d\u00e9vou\u00e9s, le chalet du Ski-Club a vu sa terrasse remise au go\u00fbt du jour. Un GRAND MERCI \u00e0 toutes les personnes qui se sont impliqu\u00e9es dans cette r\u00e9alisation ! <\/p><\/div>\n\n<div class=\"wp-block-post-date\"><time datetime=\"2021-09-15T12:00:00+02:00\">15 septembre 2021<\/time><\/div><\/div><\/div>\n\n\n<figure class=\"wp-block-post-featured-image\"><img loading=\"lazy\" decoding=\"async\" width=\"1821\" height=\"1174\" src=\"https:\/\/www.giblousia.ch\/wp-content\/uploads\/2021\/11\/Chalet-81-e1635970079478.jpg\" class=\"attachment-post-thumbnail size-post-thumbnail wp-post-image\" alt=\"\" style=\"object-fit:cover;\" srcset=\"https:\/\/www.giblousia.ch\/wp-content\/uploads\/2021\/11\/Chalet-81-e1635970079478.jpg 1821w, https:\/\/www.giblousia.ch\/wp-content\/uploads\/2021\/11\/Chalet-81-e1635970079478-300x193.jpg 300w, https:\/\/www.giblousia.ch\/wp-content\/uploads\/2021\/11\/Chalet-81-e1635970079478-1024x660.jpg 1024w, https:\/\/www.giblousia.ch\/wp-content\/uploads\/2021\/11\/Chalet-81-e1635970079478-768x495.jpg 768w, https:\/\/www.giblousia.ch\/wp-content\/uploads\/2021\/11\/Chalet-81-e1635970079478-1536x990.jpg 1536w\" sizes=\"auto, (max-width: 1821px) 100vw, 1821px\" \/><\/figure>\n<\/li><\/ul><\/div>\n\n\n\n<div class=\"wp-block-columns are-vertically-aligned-center is-layout-flex wp-container-core-columns-is-layout-9d6595d7 wp-block-columns-is-layout-flex\">\n<div class=\"wp-block-column is-vertically-aligned-center is-layout-flow wp-block-column-is-layout-flow\" style=\"flex-basis:100%\">\n<div class=\"wp-block-cover aligncenter is-light\" style=\"border-style:none;border-width:0px;border-radius:0px;padding-top:0;padding-right:0;padding-bottom:0;padding-left:0;min-height:1000px;aspect-ratio:unset;\"><img loading=\"lazy\" decoding=\"async\" width=\"1512\" height=\"2016\" class=\"wp-block-cover__image-background wp-image-1423 size-full\" alt=\"\" src=\"https:\/\/www.giblousia.ch\/wp-content\/uploads\/2023\/02\/SCG-Giblousia-tour.jpg\" data-object-fit=\"cover\" srcset=\"https:\/\/www.giblousia.ch\/wp-content\/uploads\/2023\/02\/SCG-Giblousia-tour.jpg 1512w, https:\/\/www.giblousia.ch\/wp-content\/uploads\/2023\/02\/SCG-Giblousia-tour-225x300.jpg 225w, https:\/\/www.giblousia.ch\/wp-content\/uploads\/2023\/02\/SCG-Giblousia-tour-768x1024.jpg 768w, https:\/\/www.giblousia.ch\/wp-content\/uploads\/2023\/02\/SCG-Giblousia-tour-1152x1536.jpg 1152w\" sizes=\"auto, (max-width: 1512px) 100vw, 1512px\" \/><span aria-hidden=\"true\" class=\"wp-block-cover__background has-background-dim-0 has-background-dim\" style=\"background-color:#a6b4c1\"><\/span><div class=\"wp-block-cover__inner-container is-layout-flow wp-block-cover-is-layout-flow\">\n<p class=\"has-text-align-right has-large-font-size\">Bienvenu au Ski-Club Giblousia <\/p>\n<\/div><\/div>\n<\/div>\n<\/div>\n","protected":false},"excerpt":{"rendered":"<p>Envie de rejoindre le club ? Actualit\u00e9<\/p>\n","protected":false},"author":2,"featured_media":0,"parent":0,"menu_order":1,"comment_status":"closed","ping_status":"closed","template":"","meta":{"neve_meta_sidebar":"full-width","neve_meta_container":"contained","neve_meta_enable_content_width":"off","neve_meta_content_width":70,"neve_meta_title_alignment":"left","neve_meta_author_avatar":"","neve_post_elements_order":"","neve_meta_disable_header":"","neve_meta_disable_footer":"","neve_meta_disable_title":"on","footnotes":""},"class_list":["post-7","page","type-page","status-publish","hentry"],"jetpack_sharing_enabled":false,"_links":{"self":[{"href":"https:\/\/www.giblousia.ch\/index.php\/wp-json\/wp\/v2\/pages\/7","targetHints":{"allow":["GET"]}}],"collection":[{"href":"https:\/\/www.giblousia.ch\/index.php\/wp-json\/wp\/v2\/pages"}],"about":[{"href":"https:\/\/www.giblousia.ch\/index.php\/wp-json\/wp\/v2\/types\/page"}],"author":[{"embeddable":true,"href":"https:\/\/www.giblousia.ch\/index.php\/wp-json\/wp\/v2\/users\/2"}],"replies":[{"embeddable":true,"href":"https:\/\/www.giblousia.ch\/index.php\/wp-json\/wp\/v2\/comments?post=7"}],"version-history":[{"count":218,"href":"https:\/\/www.giblousia.ch\/index.php\/wp-json\/wp\/v2\/pages\/7\/revisions"}],"predecessor-version":[{"id":5981,"href":"https:\/\/www.giblousia.ch\/index.php\/wp-json\/wp\/v2\/pages\/7\/revisions\/5981"}],"wp:attachment":[{"href":"https:\/\/www.giblousia.ch\/index.php\/wp-json\/wp\/v2\/media?parent=7"}],"curies":[{"name":"wp","href":"https:\/\/api.w.org\/{rel}","templated":true}]}}